{"id":1250,"date":"2016-07-12T14:22:14","date_gmt":"2016-07-12T14:22:14","guid":{"rendered":"https:\/\/hiroshi.es\/qui-som\/"},"modified":"2023-03-30T12:31:59","modified_gmt":"2023-03-30T12:31:59","slug":"quienes-somos","status":"publish","type":"page","link":"https:\/\/hiroshi.es\/es\/quienes-somos\/","title":{"rendered":"Qui\u00e9nes somos"},"content":{"rendered":"<div class=\"wpb-content-wrapper\"><p>[vc_row css=\u00bb.vc_custom_1679049228611{padding-top: 60px !important;padding-bottom: 60px !important;}\u00bb][vc_column width=\u00bb1\/6&#8243;][\/vc_column][vc_column width=\u00bb2\/3&#8243;][vc_column_text]<\/p>\n<p style=\"text-align: center;\">Hiroshi es el sue\u00f1o de que dos j\u00f3venes emprendedores hecho realidad a base de esfuerzo y muchos a\u00f1os trabajados en la cocina japonesa.<\/p>\n<p style=\"text-align: center;\">Trabajamos tanto como los conceptos b\u00e1sicos y cl\u00e1sicos de la cocina japonesa como la fusi\u00f3n de distintas gastronom\u00edas con la propia japonesa.<\/p>\n<p style=\"text-align: center;\">Priorizamos sobre todo trabajar con el mejor producto.<\/p>\n<p>[\/vc_column_text][\/vc_column][vc_column width=\u00bb1\/6&#8243;][\/vc_column][\/vc_row][vc_row css=\u00bb.vc_custom_1679049228611{padding-top: 60px !important;padding-bottom: 60px !important;}\u00bb][vc_column]<div id=\"ult-carousel-330179711369f0e61525869\" class=\"ult-carousel-wrapper  vc_custom_1679049033634  ult_horizontal\" data-gutter=\"0\" data-rtl=\"false\" ><div class=\"ult-carousel-152445578269f0e615257ae \" >[vc_row_inner][vc_column_inner width=\u00bb2\/3&#8243; offset=\u00bbvc_col-lg-offset-2 vc_col-lg-8 vc_col-md-offset-2 vc_col-md-8 vc_col-sm-offset-2 vc_col-xs-offset-1 vc_col-xs-10&#8243; css=\u00bb.vc_custom_1469132851266{margin-bottom: 20px !important;}\u00bb][vc_single_image image=\u00bb1261&#8243; img_size=\u00bb90&#215;90&#8243; alignment=\u00bbcenter\u00bb style=\u00bbvc_box_circle_2&#8243; onclick=\u00bbcustom_link\u00bb img_link_target=\u00bb_blank\u00bb image_hovers=\u00bbfalse\u00bb css=\u00bb.vc_custom_1680081685115{padding-bottom: 25px !important;}\u00bb link=\u00bbhttps:\/\/themeforest.net\/item\/the7-responsive-multipurpose-wordpress-theme\/5556590&#8243;]<div class=\"ult-item-wrap\" data-animation=\"animated no-animation\"><div id=\"ultimate-heading-776269f0e615259ba\" class=\"uvc-heading ult-adjust-bottom-margin ultimate-heading-776269f0e615259ba uvc-4289 \" data-hspacer=\"no_spacer\"  data-halign=\"center\" style=\"text-align:center\"><div class=\"uvc-heading-spacer no_spacer\" style=\"top\"><\/div><div class=\"uvc-sub-heading ult-responsive\"  data-ultimate-target='.uvc-heading.ultimate-heading-776269f0e615259ba .uvc-sub-heading '  data-responsive-json-new='{\"font-size\":\"desktop:18px;tablet:18px;tablet_portrait:14px;mobile_landscape:14px;mobile:14px;\",\"line-height\":\"desktop:30px;tablet:30px;tablet_portrait:24px;mobile_landscape:24px;mobile:24px;\"}'  style=\"font-style:italic;font-weight:normal;\"><em>El servei impecable i personal molt professional. El sushi, exquisit. I tenen els edamames mes bons que he tastat mai (i ho diu alg\u00fa que ha anat a molts llocs de menjar asi\u00e0tic de categoria). Ho recomano al 100 %.<\/em><\/div><\/div><\/div>[vc_single_image image=\u00bb89&#8243; img_size=\u00bb117&#215;21&#8243; alignment=\u00bbcenter\u00bb css=\u00bb.vc_custom_1468516279715{padding-top: 20px !important;}\u00bb]<div class=\"ult-item-wrap\" data-animation=\"animated no-animation\"><div id=\"ultimate-heading-363969f0e61525a1d\" class=\"uvc-heading ult-adjust-bottom-margin ultimate-heading-363969f0e61525a1d uvc-8067 \" data-hspacer=\"no_spacer\"  data-halign=\"center\" style=\"text-align:center\"><div class=\"uvc-heading-spacer no_spacer\" style=\"top\"><\/div><div class=\"uvc-main-heading ult-responsive\"  data-ultimate-target='.uvc-heading.ultimate-heading-363969f0e61525a1d h3'  data-responsive-json-new='{\"font-size\":\"desktop:18px;\",\"line-height\":\"desktop:28px;\"}' ><h3 style=\"font-weight:bold;color:#ffffff;margin-top:20px;\">Cristina<\/h3><\/div><div class=\"uvc-sub-heading ult-responsive\"  data-ultimate-target='.uvc-heading.ultimate-heading-363969f0e61525a1d .uvc-sub-heading '  data-responsive-json-new='{\"font-size\":\"desktop:14px;\",\"line-height\":\"desktop:28px;\"}'  style=\"font-weight:bold;\">Hiroshi Sant Celoni<\/div><\/div><\/div>[\/vc_column_inner][\/vc_row_inner][vc_row_inner][vc_column_inner width=\u00bb2\/3&#8243; offset=\u00bbvc_col-lg-offset-2 vc_col-lg-8 vc_col-md-offset-2 vc_col-md-8 vc_col-sm-offset-2 vc_col-xs-offset-1 vc_col-xs-10&#8243; css=\u00bb.vc_custom_1469132851266{margin-bottom: 20px !important;}\u00bb][vc_single_image image=\u00bb1261&#8243; img_size=\u00bb90&#215;90&#8243; alignment=\u00bbcenter\u00bb style=\u00bbvc_box_circle_2&#8243; onclick=\u00bbcustom_link\u00bb img_link_target=\u00bb_blank\u00bb image_hovers=\u00bbfalse\u00bb css=\u00bb.vc_custom_1680081685115{padding-bottom: 25px !important;}\u00bb link=\u00bbhttps:\/\/themeforest.net\/item\/the7-responsive-multipurpose-wordpress-theme\/5556590&#8243;]<div class=\"ult-item-wrap\" data-animation=\"animated no-animation\"><div id=\"ultimate-heading-175569f0e61525aa8\" class=\"uvc-heading ult-adjust-bottom-margin ultimate-heading-175569f0e61525aa8 uvc-8450 \" data-hspacer=\"no_spacer\"  data-halign=\"center\" style=\"text-align:center\"><div class=\"uvc-heading-spacer no_spacer\" style=\"top\"><\/div><div class=\"uvc-sub-heading ult-responsive\"  data-ultimate-target='.uvc-heading.ultimate-heading-175569f0e61525aa8 .uvc-sub-heading '  data-responsive-json-new='{\"font-size\":\"desktop:18px;tablet:18px;tablet_portrait:14px;mobile_landscape:14px;mobile:14px;\",\"line-height\":\"desktop:30px;tablet:30px;tablet_portrait:24px;mobile_landscape:24px;mobile:24px;\"}'  style=\"font-style:italic;font-weight:normal;\"><em>S\u2019agraeix que augmenti l\u2019oferta gastron\u00f2mica per la zona sud de Girona, i m\u00e9s si \u00e9s de bona qualitat. Carta variada amb tot l\u2019arsenal t\u00edpic de menjar japon\u00e8s amb alguna varietat pr\u00f2pia. Bona elaboraci\u00f3. Local tranquil i atenci\u00f3 correcta. Les croquetes sensacionals!<\/em><\/div><\/div><\/div>[vc_single_image image=\u00bb89&#8243; img_size=\u00bb117&#215;21&#8243; alignment=\u00bbcenter\u00bb css=\u00bb.vc_custom_1468516279715{padding-top: 20px !important;}\u00bb]<div class=\"ult-item-wrap\" data-animation=\"animated no-animation\"><div id=\"ultimate-heading-238769f0e61525af6\" class=\"uvc-heading ult-adjust-bottom-margin ultimate-heading-238769f0e61525af6 uvc-1698 \" data-hspacer=\"no_spacer\"  data-halign=\"center\" style=\"text-align:center\"><div class=\"uvc-heading-spacer no_spacer\" style=\"top\"><\/div><div class=\"uvc-main-heading ult-responsive\"  data-ultimate-target='.uvc-heading.ultimate-heading-238769f0e61525af6 h3'  data-responsive-json-new='{\"font-size\":\"desktop:18px;\",\"line-height\":\"desktop:28px;\"}' ><h3 style=\"font-weight:bold;color:#ffffff;margin-top:20px;\">Alejandro Ortega, Local Guide<\/h3><\/div><div class=\"uvc-sub-heading ult-responsive\"  data-ultimate-target='.uvc-heading.ultimate-heading-238769f0e61525af6 .uvc-sub-heading '  data-responsive-json-new='{\"font-size\":\"desktop:14px;\",\"line-height\":\"desktop:28px;\"}'  style=\"font-weight:bold;\">Hiroshi Girona<\/div><\/div><\/div>[\/vc_column_inner][\/vc_row_inner][vc_row_inner][vc_column_inner width=\u00bb2\/3&#8243; offset=\u00bbvc_col-lg-offset-2 vc_col-lg-8 vc_col-md-offset-2 vc_col-md-8 vc_col-sm-offset-2 vc_col-xs-offset-1 vc_col-xs-10&#8243; css=\u00bb.vc_custom_1469132851266{margin-bottom: 20px !important;}\u00bb][vc_single_image image=\u00bb1261&#8243; img_size=\u00bb90&#215;90&#8243; alignment=\u00bbcenter\u00bb style=\u00bbvc_box_circle_2&#8243; onclick=\u00bbcustom_link\u00bb css=\u00bb.vc_custom_1680081699282{padding-bottom: 25px !important;}\u00bb]<div class=\"ult-item-wrap\" data-animation=\"animated no-animation\"><div id=\"ultimate-heading-272069f0e61525b51\" class=\"uvc-heading ult-adjust-bottom-margin ultimate-heading-272069f0e61525b51 uvc-9674 \" data-hspacer=\"no_spacer\"  data-halign=\"center\" style=\"text-align:center\"><div class=\"uvc-heading-spacer no_spacer\" style=\"top\"><\/div><div class=\"uvc-sub-heading ult-responsive\"  data-ultimate-target='.uvc-heading.ultimate-heading-272069f0e61525b51 .uvc-sub-heading '  data-responsive-json-new='{\"font-size\":\"desktop:18px;tablet:18px;tablet_portrait:14px;mobile_landscape:14px;mobile:14px;\",\"line-height\":\"desktop:30px;tablet:30px;tablet_portrait:24px;mobile_landscape:24px;mobile:24px;\"}'  style=\"font-style:italic;font-weight:normal;\"><em>Absolutament exquisit. Hi ha peces que no s\u00f3n comparables amb cap altra que haguem tastat. Rapidesa en l&#8217;entrega i molt bon servei.<\/em><\/div><\/div><\/div>[vc_single_image image=\u00bb89&#8243; img_size=\u00bb117&#215;21&#8243; alignment=\u00bbcenter\u00bb css=\u00bb.vc_custom_1468516279715{padding-top: 20px !important;}\u00bb]<div class=\"ult-item-wrap\" data-animation=\"animated no-animation\"><div id=\"ultimate-heading-259869f0e61525b95\" class=\"uvc-heading ult-adjust-bottom-margin ultimate-heading-259869f0e61525b95 uvc-3045 \" data-hspacer=\"no_spacer\"  data-halign=\"center\" style=\"text-align:center\"><div class=\"uvc-heading-spacer no_spacer\" style=\"top\"><\/div><div class=\"uvc-main-heading ult-responsive\"  data-ultimate-target='.uvc-heading.ultimate-heading-259869f0e61525b95 h3'  data-responsive-json-new='{\"font-size\":\"desktop:18px;\",\"line-height\":\"desktop:28px;\"}' ><h3 style=\"font-weight:bold;color:#ffffff;margin-top:20px;\">Marta, Local Guide<\/h3><\/div><div class=\"uvc-sub-heading ult-responsive\"  data-ultimate-target='.uvc-heading.ultimate-heading-259869f0e61525b95 .uvc-sub-heading '  data-responsive-json-new='{\"font-size\":\"desktop:14px;\",\"line-height\":\"desktop:28px;\"}'  style=\"font-weight:bold;\">Hiroshi Sant Celoni<\/div><\/div><\/div>[\/vc_column_inner][\/vc_row_inner][vc_row_inner][vc_column_inner width=\u00bb2\/3&#8243; offset=\u00bbvc_col-lg-offset-2 vc_col-lg-8 vc_col-md-offset-2 vc_col-md-8 vc_col-sm-offset-2 vc_col-xs-offset-1 vc_col-xs-10&#8243; css=\u00bb.vc_custom_1469132851266{margin-bottom: 20px !important;}\u00bb][vc_single_image image=\u00bb1261&#8243; img_size=\u00bb90&#215;90&#8243; alignment=\u00bbcenter\u00bb style=\u00bbvc_box_circle_2&#8243; onclick=\u00bbcustom_link\u00bb css=\u00bb.vc_custom_1680081699282{padding-bottom: 25px !important;}\u00bb]<div class=\"ult-item-wrap\" data-animation=\"animated no-animation\"><div id=\"ultimate-heading-985269f0e61525bec\" class=\"uvc-heading ult-adjust-bottom-margin ultimate-heading-985269f0e61525bec uvc-196 \" data-hspacer=\"no_spacer\"  data-halign=\"center\" style=\"text-align:center\"><div class=\"uvc-heading-spacer no_spacer\" style=\"top\"><\/div><div class=\"uvc-sub-heading ult-responsive\"  data-ultimate-target='.uvc-heading.ultimate-heading-985269f0e61525bec .uvc-sub-heading '  data-responsive-json-new='{\"font-size\":\"desktop:18px;tablet:18px;tablet_portrait:14px;mobile_landscape:14px;mobile:14px;\",\"line-height\":\"desktop:30px;tablet:30px;tablet_portrait:24px;mobile_landscape:24px;mobile:24px;\"}'  style=\"font-style:italic;font-weight:normal;\"><em>Qualitat espectacular! Combo de sushi encertad\u00edssim pe fer un tastet de les varietats tant ben elaborades de que disposen, amb uns facits m\u00e9s que generosos. Gyozas molt saborosos!. Plats molt gustosos i ramen excel\u00b7lent a m\u00e9s de ser molt abundant tant en quantitat com en la mida dels toppings!! Repetirem SEGUR!<\/em><\/div><\/div><\/div>[vc_single_image image=\u00bb89&#8243; img_size=\u00bb117&#215;21&#8243; alignment=\u00bbcenter\u00bb css=\u00bb.vc_custom_1468516279715{padding-top: 20px !important;}\u00bb]<div class=\"ult-item-wrap\" data-animation=\"animated no-animation\"><div id=\"ultimate-heading-132769f0e61525c36\" class=\"uvc-heading ult-adjust-bottom-margin ultimate-heading-132769f0e61525c36 uvc-9395 \" data-hspacer=\"no_spacer\"  data-halign=\"center\" style=\"text-align:center\"><div class=\"uvc-heading-spacer no_spacer\" style=\"top\"><\/div><div class=\"uvc-main-heading ult-responsive\"  data-ultimate-target='.uvc-heading.ultimate-heading-132769f0e61525c36 h3'  data-responsive-json-new='{\"font-size\":\"desktop:18px;\",\"line-height\":\"desktop:28px;\"}' ><h3 style=\"font-weight:bold;color:#ffffff;margin-top:20px;\">Sergi Collado<\/h3><\/div><div class=\"uvc-sub-heading ult-responsive\"  data-ultimate-target='.uvc-heading.ultimate-heading-132769f0e61525c36 .uvc-sub-heading '  data-responsive-json-new='{\"font-size\":\"desktop:14px;\",\"line-height\":\"desktop:28px;\"}'  style=\"font-weight:bold;\">Hiroshi Sant Celoni<\/div><\/div><\/div>[\/vc_column_inner][\/vc_row_inner]<\/div><\/div>\t\t\t<script type=\"text\/javascript\">\n\t\t\t\tjQuery(document).ready(function ($) {\n\t\t\t\t\tif( typeof jQuery('.ult-carousel-152445578269f0e615257ae').slick == \"function\"){\n\t\t\t\t\t\t$('.ult-carousel-152445578269f0e615257ae').slick({dots: false,autoplaySpeed: \"5000\",speed: \"600\",infinite: true,arrows: true,nextArrow: '<button type=\"button\" role=\"button\" aria-label=\"Next\" style=\"color:#ffffff; font-size:26px;\" class=\"slick-next default\"><i class=\"ultsl-arrow-right6\"><\/i><\/button>',prevArrow: '<button type=\"button\" role=\"button\" aria-label=\"Previous\" style=\"color:#ffffff; font-size:26px;\" class=\"slick-prev default\"><i class=\"ultsl-arrow-left6\"><\/i><\/button>',slidesToScroll:1,slidesToShow:1,swipe: true,draggable: true,touchMove: true,pauseOnHover: true,pauseOnFocus: false,responsive: [\n\t\t\t\t\t\t\t{\n\t\t\t\t\t\t\t  breakpoint: 1026,\n\t\t\t\t\t\t\t  settings: {\n\t\t\t\t\t\t\t\tslidesToShow: 1,\n\t\t\t\t\t\t\t\tslidesToScroll: 1,  \n\t\t\t\t\t\t\t  }\n\t\t\t\t\t\t\t},\n\t\t\t\t\t\t\t{\n\t\t\t\t\t\t\t  breakpoint: 1025,\n\t\t\t\t\t\t\t  settings: {\n\t\t\t\t\t\t\t\tslidesToShow: 1,\n\t\t\t\t\t\t\t\tslidesToScroll: 1\n\t\t\t\t\t\t\t  }\n\t\t\t\t\t\t\t},\n\t\t\t\t\t\t\t{\n\t\t\t\t\t\t\t  breakpoint: 760,\n\t\t\t\t\t\t\t  settings: {\n\t\t\t\t\t\t\t\tslidesToShow: 1,\n\t\t\t\t\t\t\t\tslidesToScroll: 1\n\t\t\t\t\t\t\t  }\n\t\t\t\t\t\t\t}\n\t\t\t\t\t\t],pauseOnDotsHover: true,customPaging: function(slider, i) {\n                   return '<i type=\"button\" style= \"color:#333333;\" class=\"ultsl-record\" data-role=\"none\"><\/i>';\n                },});\n\t\t\t\t\t}\n\t\t\t\t});\n\t\t\t<\/script>\n\t\t\t[\/vc_column][\/vc_row]<\/p>\n<\/div>","protected":false},"excerpt":{"rendered":"<p>[vc_row css=\u00bb.vc_custom_1679049228611{padding-top: 60px !important;padding-bottom: 60px !important;}\u00bb][vc_column width=\u00bb1\/6&#8243;][\/vc_column][vc_column width=\u00bb2\/3&#8243;][vc_column_text] Hiroshi es el sue\u00f1o de que dos j\u00f3venes emprendedores hecho realidad a base de esfuerzo y muchos a\u00f1os trabajados en la cocina japonesa. Trabajamos tanto como los conceptos b\u00e1sicos y cl\u00e1sicos de la cocina japonesa como la fusi\u00f3n de distintas gastronom\u00edas con la propia japonesa. Priorizamos sobre&hellip; <a class=\"continue\" href=\"https:\/\/hiroshi.es\/es\/quienes-somos\/\">Continue Reading<span> Qui\u00e9nes somos<\/span><\/a><\/p>\n","protected":false},"author":1,"featured_media":0,"parent":0,"menu_order":1,"comment_status":"closed","ping_status":"closed","template":"","meta":{"footnotes":""},"class_list":["post-1250","page","type-page","status-publish","hentry","description-off"],"yoast_head":"<!-- This site is optimized with the Yoast SEO plugin v27.4 - https:\/\/yoast.com\/product\/yoast-seo-wordpress\/ -->\n<title>Qui\u00e9nes somos - Hiroshi<\/title>\n<meta name=\"robots\" content=\"index, follow, max-snippet:-1, max-image-preview:large, max-video-preview:-1\" \/>\n<link rel=\"canonical\" href=\"https:\/\/hiroshi.es\/es\/quienes-somos\/\" \/>\n<meta property=\"og:locale\" content=\"es_ES\" \/>\n<meta property=\"og:type\" content=\"article\" \/>\n<meta property=\"og:title\" content=\"Qui\u00e9nes somos - Hiroshi\" \/>\n<meta property=\"og:description\" content=\"[vc_row css=\u00bb.vc_custom_1679049228611{padding-top: 60px !important;padding-bottom: 60px !important;}\u00bb][vc_column width=\u00bb1\/6&#8243;][\/vc_column][vc_column width=\u00bb2\/3&#8243;][vc_column_text] Hiroshi es el sue\u00f1o de que dos j\u00f3venes emprendedores hecho realidad a base de esfuerzo y muchos a\u00f1os trabajados en la cocina japonesa. Trabajamos tanto como los conceptos b\u00e1sicos y cl\u00e1sicos de la cocina japonesa como la fusi\u00f3n de distintas gastronom\u00edas con la propia japonesa. Priorizamos sobre&hellip; Continue Reading Qui\u00e9nes somos\" \/>\n<meta property=\"og:url\" content=\"https:\/\/hiroshi.es\/es\/quienes-somos\/\" \/>\n<meta property=\"og:site_name\" content=\"Hiroshi\" \/>\n<meta property=\"article:publisher\" content=\"https:\/\/www.facebook.com\/profile.php?id=100066430394407\" \/>\n<meta property=\"article:modified_time\" content=\"2023-03-30T12:31:59+00:00\" \/>\n<meta name=\"twitter:card\" content=\"summary_large_image\" \/>\n<meta name=\"twitter:label1\" content=\"Tiempo de lectura\" \/>\n\t<meta name=\"twitter:data1\" content=\"6 minutos\" \/>\n<script type=\"application\/ld+json\" class=\"yoast-schema-graph\">{\"@context\":\"https:\\\/\\\/schema.org\",\"@graph\":[{\"@type\":\"WebPage\",\"@id\":\"https:\\\/\\\/hiroshi.es\\\/es\\\/quienes-somos\\\/\",\"url\":\"https:\\\/\\\/hiroshi.es\\\/es\\\/quienes-somos\\\/\",\"name\":\"Qui\u00e9nes somos - Hiroshi\",\"isPartOf\":{\"@id\":\"https:\\\/\\\/hiroshi.es\\\/#website\"},\"datePublished\":\"2016-07-12T14:22:14+00:00\",\"dateModified\":\"2023-03-30T12:31:59+00:00\",\"breadcrumb\":{\"@id\":\"https:\\\/\\\/hiroshi.es\\\/es\\\/quienes-somos\\\/#breadcrumb\"},\"inLanguage\":\"es\",\"potentialAction\":[{\"@type\":\"ReadAction\",\"target\":[\"https:\\\/\\\/hiroshi.es\\\/es\\\/quienes-somos\\\/\"]}]},{\"@type\":\"BreadcrumbList\",\"@id\":\"https:\\\/\\\/hiroshi.es\\\/es\\\/quienes-somos\\\/#breadcrumb\",\"itemListElement\":[{\"@type\":\"ListItem\",\"position\":1,\"name\":\"Inici\",\"item\":\"https:\\\/\\\/hiroshi.es\\\/es\\\/inici\\\/\"},{\"@type\":\"ListItem\",\"position\":2,\"name\":\"Qui\u00e9nes somos\"}]},{\"@type\":\"WebSite\",\"@id\":\"https:\\\/\\\/hiroshi.es\\\/#website\",\"url\":\"https:\\\/\\\/hiroshi.es\\\/\",\"name\":\"Hiroshi\",\"description\":\"Menjar japon\u00e8s i cuina de mercat\",\"publisher\":{\"@id\":\"https:\\\/\\\/hiroshi.es\\\/#organization\"},\"potentialAction\":[{\"@type\":\"SearchAction\",\"target\":{\"@type\":\"EntryPoint\",\"urlTemplate\":\"https:\\\/\\\/hiroshi.es\\\/?s={search_term_string}\"},\"query-input\":{\"@type\":\"PropertyValueSpecification\",\"valueRequired\":true,\"valueName\":\"search_term_string\"}}],\"inLanguage\":\"es\"},{\"@type\":\"Organization\",\"@id\":\"https:\\\/\\\/hiroshi.es\\\/#organization\",\"name\":\"Hiroshi\",\"url\":\"https:\\\/\\\/hiroshi.es\\\/\",\"logo\":{\"@type\":\"ImageObject\",\"inLanguage\":\"es\",\"@id\":\"https:\\\/\\\/hiroshi.es\\\/#\\\/schema\\\/logo\\\/image\\\/\",\"url\":\"https:\\\/\\\/hiroshi.es\\\/wp-content\\\/uploads\\\/2023\\\/03\\\/logo-hiroshi-2.png\",\"contentUrl\":\"https:\\\/\\\/hiroshi.es\\\/wp-content\\\/uploads\\\/2023\\\/03\\\/logo-hiroshi-2.png\",\"width\":88,\"height\":88,\"caption\":\"Hiroshi\"},\"image\":{\"@id\":\"https:\\\/\\\/hiroshi.es\\\/#\\\/schema\\\/logo\\\/image\\\/\"},\"sameAs\":[\"https:\\\/\\\/www.facebook.com\\\/profile.php?id=100066430394407\",\"https:\\\/\\\/www.instagram.com\\\/hiroshi_events\\\/\"]}]}<\/script>\n<!-- \/ Yoast SEO plugin. -->","yoast_head_json":{"title":"Qui\u00e9nes somos - Hiroshi","robots":{"index":"index","follow":"follow","max-snippet":"max-snippet:-1","max-image-preview":"max-image-preview:large","max-video-preview":"max-video-preview:-1"},"canonical":"https:\/\/hiroshi.es\/es\/quienes-somos\/","og_locale":"es_ES","og_type":"article","og_title":"Qui\u00e9nes somos - Hiroshi","og_description":"[vc_row css=\u00bb.vc_custom_1679049228611{padding-top: 60px !important;padding-bottom: 60px !important;}\u00bb][vc_column width=\u00bb1\/6&#8243;][\/vc_column][vc_column width=\u00bb2\/3&#8243;][vc_column_text] Hiroshi es el sue\u00f1o de que dos j\u00f3venes emprendedores hecho realidad a base de esfuerzo y muchos a\u00f1os trabajados en la cocina japonesa. Trabajamos tanto como los conceptos b\u00e1sicos y cl\u00e1sicos de la cocina japonesa como la fusi\u00f3n de distintas gastronom\u00edas con la propia japonesa. Priorizamos sobre&hellip; Continue Reading Qui\u00e9nes somos","og_url":"https:\/\/hiroshi.es\/es\/quienes-somos\/","og_site_name":"Hiroshi","article_publisher":"https:\/\/www.facebook.com\/profile.php?id=100066430394407","article_modified_time":"2023-03-30T12:31:59+00:00","twitter_card":"summary_large_image","twitter_misc":{"Tiempo de lectura":"6 minutos"},"schema":{"@context":"https:\/\/schema.org","@graph":[{"@type":"WebPage","@id":"https:\/\/hiroshi.es\/es\/quienes-somos\/","url":"https:\/\/hiroshi.es\/es\/quienes-somos\/","name":"Qui\u00e9nes somos - Hiroshi","isPartOf":{"@id":"https:\/\/hiroshi.es\/#website"},"datePublished":"2016-07-12T14:22:14+00:00","dateModified":"2023-03-30T12:31:59+00:00","breadcrumb":{"@id":"https:\/\/hiroshi.es\/es\/quienes-somos\/#breadcrumb"},"inLanguage":"es","potentialAction":[{"@type":"ReadAction","target":["https:\/\/hiroshi.es\/es\/quienes-somos\/"]}]},{"@type":"BreadcrumbList","@id":"https:\/\/hiroshi.es\/es\/quienes-somos\/#breadcrumb","itemListElement":[{"@type":"ListItem","position":1,"name":"Inici","item":"https:\/\/hiroshi.es\/es\/inici\/"},{"@type":"ListItem","position":2,"name":"Qui\u00e9nes somos"}]},{"@type":"WebSite","@id":"https:\/\/hiroshi.es\/#website","url":"https:\/\/hiroshi.es\/","name":"Hiroshi","description":"Menjar japon\u00e8s i cuina de mercat","publisher":{"@id":"https:\/\/hiroshi.es\/#organization"},"potentialAction":[{"@type":"SearchAction","target":{"@type":"EntryPoint","urlTemplate":"https:\/\/hiroshi.es\/?s={search_term_string}"},"query-input":{"@type":"PropertyValueSpecification","valueRequired":true,"valueName":"search_term_string"}}],"inLanguage":"es"},{"@type":"Organization","@id":"https:\/\/hiroshi.es\/#organization","name":"Hiroshi","url":"https:\/\/hiroshi.es\/","logo":{"@type":"ImageObject","inLanguage":"es","@id":"https:\/\/hiroshi.es\/#\/schema\/logo\/image\/","url":"https:\/\/hiroshi.es\/wp-content\/uploads\/2023\/03\/logo-hiroshi-2.png","contentUrl":"https:\/\/hiroshi.es\/wp-content\/uploads\/2023\/03\/logo-hiroshi-2.png","width":88,"height":88,"caption":"Hiroshi"},"image":{"@id":"https:\/\/hiroshi.es\/#\/schema\/logo\/image\/"},"sameAs":["https:\/\/www.facebook.com\/profile.php?id=100066430394407","https:\/\/www.instagram.com\/hiroshi_events\/"]}]}},"_links":{"self":[{"href":"https:\/\/hiroshi.es\/es\/wp-json\/wp\/v2\/pages\/1250","targetHints":{"allow":["GET"]}}],"collection":[{"href":"https:\/\/hiroshi.es\/es\/wp-json\/wp\/v2\/pages"}],"about":[{"href":"https:\/\/hiroshi.es\/es\/wp-json\/wp\/v2\/types\/page"}],"author":[{"embeddable":true,"href":"https:\/\/hiroshi.es\/es\/wp-json\/wp\/v2\/users\/1"}],"replies":[{"embeddable":true,"href":"https:\/\/hiroshi.es\/es\/wp-json\/wp\/v2\/comments?post=1250"}],"version-history":[{"count":6,"href":"https:\/\/hiroshi.es\/es\/wp-json\/wp\/v2\/pages\/1250\/revisions"}],"predecessor-version":[{"id":1314,"href":"https:\/\/hiroshi.es\/es\/wp-json\/wp\/v2\/pages\/1250\/revisions\/1314"}],"wp:attachment":[{"href":"https:\/\/hiroshi.es\/es\/wp-json\/wp\/v2\/media?parent=1250"}],"curies":[{"name":"wp","href":"https:\/\/api.w.org\/{rel}","templated":true}]}}